{"id":896,"date":"2022-01-11T16:53:26","date_gmt":"2022-01-11T16:53:26","guid":{"rendered":"https:\/\/l4facademy.living4football.club\/blog\/?page_id=896"},"modified":"2023-05-24T17:53:23","modified_gmt":"2023-05-24T17:53:23","slug":"clinics-y-campus","status":"publish","type":"page","link":"https:\/\/l4facademy.living4football.club\/blog\/clinics-y-campus\/","title":{"rendered":"Clinics y campus"},"content":{"rendered":"\t\t<div data-elementor-type=\"wp-page\" data-elementor-id=\"896\" class=\"elementor elementor-896\" data-elementor-post-type=\"page\">\n\t\t\t\t\t\t<section class=\"elementor-section elementor-top-section elementor-element elementor-element-5523d09 elementor-section-height-min-height elementor-section-stretched elementor-section-boxed elementor-section-height-default elementor-section-items-middle\" data-id=\"5523d09\" data-element_type=\"section\" data-e-type=\"section\" data-settings=\"{&quot;stretch_section&quot;:&quot;section-stretched&quot;,&quot;background_background&quot;:&quot;classic&quot;,&quot;background_motion_fx_motion_fx_scrolling&quot;:&quot;yes&quot;,&quot;background_motion_fx_translateY_effect&quot;:&quot;yes&quot;,&quot;background_motion_fx_translateY_speed&quot;:{&quot;unit&quot;:&quot;px&quot;,&quot;size&quot;:4.9,&quot;sizes&quot;:[]},&quot;background_motion_fx_opacity_effect&quot;:&quot;yes&quot;,&quot;background_motion_fx_opacity_direction&quot;:&quot;in-out&quot;,&quot;background_motion_fx_opacity_level&quot;:{&quot;unit&quot;:&quot;px&quot;,&quot;size&quot;:7.5,&quot;sizes&quot;:[]},&quot;background_motion_fx_blur_effect&quot;:&quot;yes&quot;,&quot;background_motion_fx_blur_level&quot;:{&quot;unit&quot;:&quot;px&quot;,&quot;size&quot;:1,&quot;sizes&quot;:[]},&quot;background_motion_fx_scale_effect&quot;:&quot;yes&quot;,&quot;background_motion_fx_scale_direction&quot;:&quot;in-out&quot;,&quot;background_motion_fx_translateY_affectedRange&quot;:{&quot;unit&quot;:&quot;%&quot;,&quot;size&quot;:&quot;&quot;,&quot;sizes&quot;:{&quot;start&quot;:0,&quot;end&quot;:100}},&quot;background_motion_fx_opacity_range&quot;:{&quot;unit&quot;:&quot;%&quot;,&quot;size&quot;:&quot;&quot;,&quot;sizes&quot;:{&quot;start&quot;:20,&quot;end&quot;:80}},&quot;background_motion_fx_blur_direction&quot;:&quot;out-in&quot;,&quot;background_motion_fx_blur_range&quot;:{&quot;unit&quot;:&quot;%&quot;,&quot;size&quot;:&quot;&quot;,&quot;sizes&quot;:{&quot;start&quot;:20,&quot;end&quot;:80}},&quot;background_motion_fx_scale_speed&quot;:{&quot;unit&quot;:&quot;px&quot;,&quot;size&quot;:4,&quot;sizes&quot;:[]},&quot;background_motion_fx_scale_range&quot;:{&quot;unit&quot;:&quot;%&quot;,&quot;size&quot;:&quot;&quot;,&quot;sizes&quot;:{&quot;start&quot;:20,&quot;end&quot;:80}},&quot;background_motion_fx_devices&quot;:[&quot;desktop&quot;,&quot;tablet&quot;,&quot;mobile&quot;]}\">\n\t\t\t\t\t\t\t<div class=\"elementor-background-overlay\"><\/div>\n\t\t\t\t\t\t\t<div class=\"elementor-container elementor-column-gap-default\">\n\t\t\t\t\t<div class=\"elementor-column elementor-col-100 elementor-top-column elementor-element elementor-element-e8a4bc2\" data-id=\"e8a4bc2\" data-element_type=\"column\" data-e-type=\"column\">\n\t\t\t<div class=\"elementor-widget-wrap elementor-element-populated\">\n\t\t\t\t\t\t<div class=\"elementor-element elementor-element-e9536a2 elementor-widget elementor-widget-heading\" data-id=\"e9536a2\" data-element_type=\"widget\" data-e-type=\"widget\" data-widget_type=\"heading.default\">\n\t\t\t\t<div class=\"elementor-widget-container\">\n\t\t\t\t\t<h1 class=\"elementor-heading-title elementor-size-default\">Clinics y campus<\/h1>\t\t\t\t<\/div>\n\t\t\t\t<\/div>\n\t\t\t\t<div class=\"elementor-element elementor-element-42704c2 elementor-widget elementor-widget-heading\" data-id=\"42704c2\" data-element_type=\"widget\" data-e-type=\"widget\" data-widget_type=\"heading.default\">\n\t\t\t\t<div class=\"elementor-widget-container\">\n\t\t\t\t\t<h3 class=\"elementor-heading-title elementor-size-default\">Entrenamientos intensivos, diversi\u00f3n y aprendizaje<\/h3>\t\t\t\t<\/div>\n\t\t\t\t<\/div>\n\t\t\t\t\t<\/div>\n\t\t<\/div>\n\t\t\t\t\t<\/div>\n\t\t<\/section>\n\t\t\t\t<section class=\"elementor-section elementor-top-section elementor-element elementor-element-00e17f9 elementor-section-stretched elementor-section-boxed elementor-section-height-default elementor-section-height-default\" data-id=\"00e17f9\" data-element_type=\"section\" data-e-type=\"section\" data-settings=\"{&quot;stretch_section&quot;:&quot;section-stretched&quot;}\">\n\t\t\t\t\t\t<div class=\"elementor-container elementor-column-gap-default\">\n\t\t\t\t\t<div class=\"elementor-column elementor-col-100 elementor-top-column elementor-element elementor-element-ee88f05\" data-id=\"ee88f05\" data-element_type=\"column\" data-e-type=\"column\">\n\t\t\t<div class=\"elementor-widget-wrap elementor-element-populated\">\n\t\t\t\t\t\t<div class=\"elementor-element elementor-element-22571fb elementor-widget elementor-widget-text-editor\" data-id=\"22571fb\" data-element_type=\"widget\" data-e-type=\"widget\" data-widget_type=\"text-editor.default\">\n\t\t\t\t<div class=\"elementor-widget-container\">\n\t\t\t\t\t\t\t\t\t<p style=\"text-align: center;\">A lo largo de todo el a\u00f1o realizamos distintos <b>campus, clinics y eventos intensivos<\/b> para reforzar el aprendizaje de los futbolistas. Disfruta del f\u00fatbol y prep\u00e1rate para rendir al m\u00e1ximo con tu equipo durante estas jornadas especiales.<\/p><p style=\"text-align: center;\">\u00bfTe gustar\u00eda saber cuando realizamos estos eventos? Estate atento a nuestras redes sociales y esta secci\u00f3n.<\/p>\t\t\t\t\t\t\t\t<\/div>\n\t\t\t\t<\/div>\n\t\t\t\t\t<\/div>\n\t\t<\/div>\n\t\t\t\t\t<\/div>\n\t\t<\/section>\n\t\t\t\t<section class=\"elementor-section elementor-top-section elementor-element elementor-element-d8c37fd elementor-hidden-desktop elementor-hidden-tablet elementor-hidden-mobile elementor-section-boxed elementor-section-height-default elementor-section-height-default\" data-id=\"d8c37fd\" data-element_type=\"section\" data-e-type=\"section\">\n\t\t\t\t\t\t<div class=\"elementor-container elementor-column-gap-default\">\n\t\t\t\t\t<div class=\"elementor-column elementor-col-100 elementor-top-column elementor-element elementor-element-22c5ebe\" data-id=\"22c5ebe\" data-element_type=\"column\" data-e-type=\"column\">\n\t\t\t<div class=\"elementor-widget-wrap elementor-element-populated\">\n\t\t\t\t\t\t<div class=\"elementor-element elementor-element-33b3d19 elementor-widget elementor-widget-heading\" data-id=\"33b3d19\" data-element_type=\"widget\" data-e-type=\"widget\" data-widget_type=\"heading.default\">\n\t\t\t\t<div class=\"elementor-widget-container\">\n\t\t\t\t\t<h2 class=\"elementor-heading-title elementor-size-default\">Pr\u00f3ximos eventos<\/h2>\t\t\t\t<\/div>\n\t\t\t\t<\/div>\n\t\t\t\t<div class=\"elementor-element elementor-element-963e894 elementor-align-center elementor-widget elementor-widget-button\" data-id=\"963e894\" data-element_type=\"widget\" data-e-type=\"widget\" data-widget_type=\"button.default\">\n\t\t\t\t<div class=\"elementor-widget-container\">\n\t\t\t\t\t\t\t\t\t<div class=\"elementor-button-wrapper\">\n\t\t\t\t\t<a class=\"elementor-button elementor-button-link elementor-size-sm\" href=\"https:\/\/l4facademy.living4football.club\/blog\/campamentos-de-verano-para-futbolistas-l4f-academy-2023-gijon\/\">\n\t\t\t\t\t\t<span class=\"elementor-button-content-wrapper\">\n\t\t\t\t\t\t\t\t\t<span class=\"elementor-button-text\">Campamentos de Verano 2023<\/span>\n\t\t\t\t\t<\/span>\n\t\t\t\t\t<\/a>\n\t\t\t\t<\/div>\n\t\t\t\t\t\t\t\t<\/div>\n\t\t\t\t<\/div>\n\t\t\t\t<div class=\"elementor-element elementor-element-0b36717 elementor-widget elementor-widget-image\" data-id=\"0b36717\" data-element_type=\"widget\" data-e-type=\"widget\" data-widget_type=\"image.default\">\n\t\t\t\t<div class=\"elementor-widget-container\">\n\t\t\t\t\t\t\t\t\t\t\t\t\t\t\t\t<a href=\"https:\/\/l4facademy.living4football.club\/blog\/campamentos-de-verano-para-futbolistas-l4f-academy-2023-gijon\/\" target=\"_blank\">\n\t\t\t\t\t\t\t<img fetchpriority=\"high\" decoding=\"async\" width=\"580\" height=\"725\" src=\"https:\/\/l4facademy.living4football.club\/blog\/wp-content\/uploads\/2023\/05\/Campamentos-de-Verano-2023-768x960.jpg\" class=\"elementor-animation-sink attachment-medium_large size-medium_large wp-image-1677\" alt=\"Campamentos de Verano 2023\" srcset=\"https:\/\/l4facademy.living4football.club\/blog\/wp-content\/uploads\/2023\/05\/Campamentos-de-Verano-2023-768x960.jpg 768w, https:\/\/l4facademy.living4football.club\/blog\/wp-content\/uploads\/2023\/05\/Campamentos-de-Verano-2023-240x300.jpg 240w, https:\/\/l4facademy.living4football.club\/blog\/wp-content\/uploads\/2023\/05\/Campamentos-de-Verano-2023-819x1024.jpg 819w, https:\/\/l4facademy.living4football.club\/blog\/wp-content\/uploads\/2023\/05\/Campamentos-de-Verano-2023.jpg 1080w\" sizes=\"(max-width: 580px) 100vw, 580px\" \/>\t\t\t\t\t\t\t\t<\/a>\n\t\t\t\t\t\t\t\t\t\t\t\t\t\t\t<\/div>\n\t\t\t\t<\/div>\n\t\t\t\t\t<\/div>\n\t\t<\/div>\n\t\t\t\t\t<\/div>\n\t\t<\/section>\n\t\t\t\t<section class=\"elementor-section elementor-top-section elementor-element elementor-element-b8ad505 elementor-section-boxed elementor-section-height-default elementor-section-height-default\" data-id=\"b8ad505\" data-element_type=\"section\" data-e-type=\"section\">\n\t\t\t\t\t\t<div class=\"elementor-container elementor-column-gap-default\">\n\t\t\t\t\t<div class=\"elementor-column elementor-col-100 elementor-top-column elementor-element elementor-element-daf8e60\" data-id=\"daf8e60\" data-element_type=\"column\" data-e-type=\"column\">\n\t\t\t<div class=\"elementor-widget-wrap elementor-element-populated\">\n\t\t\t\t\t\t<div class=\"elementor-element elementor-element-c34ccc2 elementor-widget elementor-widget-heading\" data-id=\"c34ccc2\" data-element_type=\"widget\" data-e-type=\"widget\" data-widget_type=\"heading.default\">\n\t\t\t\t<div class=\"elementor-widget-container\">\n\t\t\t\t\t<h2 class=\"elementor-heading-title elementor-size-default\">Eventos anteriores<\/h2>\t\t\t\t<\/div>\n\t\t\t\t<\/div>\n\t\t\t\t\t<\/div>\n\t\t<\/div>\n\t\t\t\t\t<\/div>\n\t\t<\/section>\n\t\t\t\t<section class=\"elementor-section elementor-top-section elementor-element elementor-element-a00d176 elementor-section-stretched elementor-section-boxed elementor-section-height-default elementor-section-height-default\" data-id=\"a00d176\" data-element_type=\"section\" data-e-type=\"section\" data-settings=\"{&quot;stretch_section&quot;:&quot;section-stretched&quot;}\">\n\t\t\t\t\t\t<div class=\"elementor-container elementor-column-gap-default\">\n\t\t\t\t\t<div class=\"elementor-column elementor-col-50 elementor-top-column elementor-element elementor-element-c3c46ef\" data-id=\"c3c46ef\" data-element_type=\"column\" data-e-type=\"column\">\n\t\t\t<div class=\"elementor-widget-wrap elementor-element-populated\">\n\t\t\t\t\t\t<div class=\"elementor-element elementor-element-6cc3a39 elementor-align-center elementor-widget elementor-widget-button\" data-id=\"6cc3a39\" data-element_type=\"widget\" data-e-type=\"widget\" data-widget_type=\"button.default\">\n\t\t\t\t<div class=\"elementor-widget-container\">\n\t\t\t\t\t\t\t\t\t<div class=\"elementor-button-wrapper\">\n\t\t\t\t\t<a class=\"elementor-button elementor-button-link elementor-size-sm\" href=\"https:\/\/www.facebook.com\/L4FAcademyGijon\/photos\">\n\t\t\t\t\t\t<span class=\"elementor-button-content-wrapper\">\n\t\t\t\t\t\t\t\t\t<span class=\"elementor-button-text\">Winter Clinic 2021<\/span>\n\t\t\t\t\t<\/span>\n\t\t\t\t\t<\/a>\n\t\t\t\t<\/div>\n\t\t\t\t\t\t\t\t<\/div>\n\t\t\t\t<\/div>\n\t\t\t\t<div class=\"elementor-element elementor-element-d162a3f elementor-widget elementor-widget-image\" data-id=\"d162a3f\" data-element_type=\"widget\" data-e-type=\"widget\" data-widget_type=\"image.default\">\n\t\t\t\t<div class=\"elementor-widget-container\">\n\t\t\t\t\t\t\t\t\t\t\t\t\t\t\t\t<a href=\"https:\/\/www.facebook.com\/L4FAcademyGijon\/photos\" target=\"_blank\">\n\t\t\t\t\t\t\t<img decoding=\"async\" width=\"580\" height=\"725\" src=\"https:\/\/l4facademy.living4football.club\/blog\/wp-content\/uploads\/2021\/12\/POSTER-WINTER-CLINIC-768x960.jpg\" class=\"elementor-animation-sink attachment-medium_large size-medium_large wp-image-851\" alt=\"P\u00d3STER WINTER CLINIC L4F ACADEMY GIJ\u00d3N\" srcset=\"https:\/\/l4facademy.living4football.club\/blog\/wp-content\/uploads\/2021\/12\/POSTER-WINTER-CLINIC-768x960.jpg 768w, https:\/\/l4facademy.living4football.club\/blog\/wp-content\/uploads\/2021\/12\/POSTER-WINTER-CLINIC-240x300.jpg 240w, https:\/\/l4facademy.living4football.club\/blog\/wp-content\/uploads\/2021\/12\/POSTER-WINTER-CLINIC-819x1024.jpg 819w, https:\/\/l4facademy.living4football.club\/blog\/wp-content\/uploads\/2021\/12\/POSTER-WINTER-CLINIC.jpg 1080w\" sizes=\"(max-width: 580px) 100vw, 580px\" \/>\t\t\t\t\t\t\t\t<\/a>\n\t\t\t\t\t\t\t\t\t\t\t\t\t\t\t<\/div>\n\t\t\t\t<\/div>\n\t\t\t\t\t<\/div>\n\t\t<\/div>\n\t\t\t\t<div class=\"elementor-column elementor-col-50 elementor-top-column elementor-element elementor-element-a68bcb9\" data-id=\"a68bcb9\" data-element_type=\"column\" data-e-type=\"column\">\n\t\t\t<div class=\"elementor-widget-wrap elementor-element-populated\">\n\t\t\t\t\t\t<div class=\"elementor-element elementor-element-4937f0e elementor-align-center elementor-widget elementor-widget-button\" data-id=\"4937f0e\" data-element_type=\"widget\" data-e-type=\"widget\" data-widget_type=\"button.default\">\n\t\t\t\t<div class=\"elementor-widget-container\">\n\t\t\t\t\t\t\t\t\t<div class=\"elementor-button-wrapper\">\n\t\t\t\t\t<a class=\"elementor-button elementor-button-link elementor-size-sm\" href=\"https:\/\/www.facebook.com\/L4FAcademyGijon\/photos\">\n\t\t\t\t\t\t<span class=\"elementor-button-content-wrapper\">\n\t\t\t\t\t\t\t\t\t<span class=\"elementor-button-text\">Semana Santa Clinic 2022<\/span>\n\t\t\t\t\t<\/span>\n\t\t\t\t\t<\/a>\n\t\t\t\t<\/div>\n\t\t\t\t\t\t\t\t<\/div>\n\t\t\t\t<\/div>\n\t\t\t\t<div class=\"elementor-element elementor-element-c93f864 elementor-widget elementor-widget-image\" data-id=\"c93f864\" data-element_type=\"widget\" data-e-type=\"widget\" data-widget_type=\"image.default\">\n\t\t\t\t<div class=\"elementor-widget-container\">\n\t\t\t\t\t\t\t\t\t\t\t\t\t\t\t\t<a href=\"https:\/\/www.facebook.com\/L4FAcademyGijon\/photos\" target=\"_blank\">\n\t\t\t\t\t\t\t<img decoding=\"async\" width=\"580\" height=\"725\" src=\"https:\/\/l4facademy.living4football.club\/blog\/wp-content\/uploads\/2022\/04\/Diseno-sin-titulo-14-768x960.png\" class=\"elementor-animation-sink attachment-medium_large size-medium_large wp-image-1085\" alt=\"CLINIC SEMANA SANTA L4F ACADEMY GIJ\u00d3N\" srcset=\"https:\/\/l4facademy.living4football.club\/blog\/wp-content\/uploads\/2022\/04\/Diseno-sin-titulo-14-768x960.png 768w, https:\/\/l4facademy.living4football.club\/blog\/wp-content\/uploads\/2022\/04\/Diseno-sin-titulo-14-240x300.png 240w, https:\/\/l4facademy.living4football.club\/blog\/wp-content\/uploads\/2022\/04\/Diseno-sin-titulo-14-819x1024.png 819w, https:\/\/l4facademy.living4football.club\/blog\/wp-content\/uploads\/2022\/04\/Diseno-sin-titulo-14-e1650439707864.png 200w\" sizes=\"(max-width: 580px) 100vw, 580px\" \/>\t\t\t\t\t\t\t\t<\/a>\n\t\t\t\t\t\t\t\t\t\t\t\t\t\t\t<\/div>\n\t\t\t\t<\/div>\n\t\t\t\t\t<\/div>\n\t\t<\/div>\n\t\t\t\t\t<\/div>\n\t\t<\/section>\n\t\t\t\t<\/div>\n\t\t","protected":false},"excerpt":{"rendered":"<p>Clinics y campus Entrenamientos intensivos, diversi\u00f3n y aprendizaje A lo largo de todo el a\u00f1o realizamos distintos campus, clinics y eventos intensivos para reforzar el aprendizaje de los futbolistas. Disfruta del f\u00fatbol y prep\u00e1rate para rendir al m\u00e1ximo con tu equipo durante estas jornadas especiales. \u00bfTe gustar\u00eda saber cuando realizamos estos eventos? Estate atento a [&hellip;]<\/p>\n","protected":false},"author":1,"featured_media":0,"parent":0,"menu_order":0,"comment_status":"closed","ping_status":"closed","template":"","meta":{"_monsterinsights_skip_tracking":false,"_monsterinsights_sitenote_active":false,"_monsterinsights_sitenote_note":"","_monsterinsights_sitenote_category":0,"_uf_show_specific_survey":0,"_uf_disable_surveys":false,"footnotes":""},"class_list":["post-896","page","type-page","status-publish","hentry"],"yoast_head":"<!-- This site is optimized with the Yoast SEO plugin v27.0 - https:\/\/yoast.com\/product\/yoast-seo-wordpress\/ -->\n<title>Clinics y campus para jugadores de f\u00fatbol en la L4F Academy de Gij\u00f3n<\/title>\n<meta name=\"description\" content=\"Clinics y campus de f\u00fatbol en la L4F Academy de Gij\u00f3n. Eventos intensivos para futbolistas con el objetivo de potenciar el aprendizaje.\" \/>\n<meta name=\"robots\" content=\"index, follow, max-snippet:-1, max-image-preview:large, max-video-preview:-1\" \/>\n<link rel=\"canonical\" href=\"https:\/\/l4facademy.living4football.club\/blog\/clinics-y-campus\/\" \/>\n<meta property=\"og:locale\" content=\"es_ES\" \/>\n<meta property=\"og:type\" content=\"article\" \/>\n<meta property=\"og:title\" content=\"Clinics y campus para jugadores de f\u00fatbol en la L4F Academy de Gij\u00f3n\" \/>\n<meta property=\"og:description\" content=\"Clinics y campus de f\u00fatbol en la L4F Academy de Gij\u00f3n. Eventos intensivos para futbolistas con el objetivo de potenciar el aprendizaje.\" \/>\n<meta property=\"og:url\" content=\"https:\/\/l4facademy.living4football.club\/blog\/clinics-y-campus\/\" \/>\n<meta property=\"og:site_name\" content=\"THE L4F PRO FOOTBALL ACADEMY GIJ&Oacute;Nl\" \/>\n<meta property=\"article:modified_time\" content=\"2023-05-24T17:53:23+00:00\" \/>\n<meta property=\"og:image\" content=\"https:\/\/l4facademy.living4football.club\/blog\/wp-content\/uploads\/2023\/05\/Campamentos-de-Verano-2023-768x960.jpg\" \/>\n<meta name=\"twitter:card\" content=\"summary_large_image\" \/>\n<meta name=\"twitter:label1\" content=\"Tiempo de lectura\" \/>\n\t<meta name=\"twitter:data1\" content=\"1 minuto\" \/>\n<script type=\"application\/ld+json\" class=\"yoast-schema-graph\">{\"@context\":\"https:\/\/schema.org\",\"@graph\":[{\"@type\":\"WebPage\",\"@id\":\"https:\/\/l4facademy.living4football.club\/blog\/clinics-y-campus\/\",\"url\":\"https:\/\/l4facademy.living4football.club\/blog\/clinics-y-campus\/\",\"name\":\"Clinics y campus para jugadores de f\u00fatbol en la L4F Academy de Gij\u00f3n\",\"isPartOf\":{\"@id\":\"https:\/\/l4facademy.living4football.club\/blog\/#website\"},\"primaryImageOfPage\":{\"@id\":\"https:\/\/l4facademy.living4football.club\/blog\/clinics-y-campus\/#primaryimage\"},\"image\":{\"@id\":\"https:\/\/l4facademy.living4football.club\/blog\/clinics-y-campus\/#primaryimage\"},\"thumbnailUrl\":\"https:\/\/l4facademy.living4football.club\/blog\/wp-content\/uploads\/2023\/05\/Campamentos-de-Verano-2023-768x960.jpg\",\"datePublished\":\"2022-01-11T16:53:26+00:00\",\"dateModified\":\"2023-05-24T17:53:23+00:00\",\"description\":\"Clinics y campus de f\u00fatbol en la L4F Academy de Gij\u00f3n. Eventos intensivos para futbolistas con el objetivo de potenciar el aprendizaje.\",\"breadcrumb\":{\"@id\":\"https:\/\/l4facademy.living4football.club\/blog\/clinics-y-campus\/#breadcrumb\"},\"inLanguage\":\"es\",\"potentialAction\":[{\"@type\":\"ReadAction\",\"target\":[\"https:\/\/l4facademy.living4football.club\/blog\/clinics-y-campus\/\"]}]},{\"@type\":\"ImageObject\",\"inLanguage\":\"es\",\"@id\":\"https:\/\/l4facademy.living4football.club\/blog\/clinics-y-campus\/#primaryimage\",\"url\":\"https:\/\/l4facademy.living4football.club\/blog\/wp-content\/uploads\/2023\/05\/Campamentos-de-Verano-2023.jpg\",\"contentUrl\":\"https:\/\/l4facademy.living4football.club\/blog\/wp-content\/uploads\/2023\/05\/Campamentos-de-Verano-2023.jpg\",\"width\":1080,\"height\":1350,\"caption\":\"Campamentos de Verano 2023\"},{\"@type\":\"BreadcrumbList\",\"@id\":\"https:\/\/l4facademy.living4football.club\/blog\/clinics-y-campus\/#breadcrumb\",\"itemListElement\":[{\"@type\":\"ListItem\",\"position\":1,\"name\":\"Home\",\"item\":\"https:\/\/l4facademy.living4football.club\/blog\/\"},{\"@type\":\"ListItem\",\"position\":2,\"name\":\"Clinics y campus\"}]},{\"@type\":\"WebSite\",\"@id\":\"https:\/\/l4facademy.living4football.club\/blog\/#website\",\"url\":\"https:\/\/l4facademy.living4football.club\/blog\/\",\"name\":\"THE L4F PRO FOOTBALL ACADEMY GIJ&Oacute;Nl\",\"description\":\"Entrenamientos para jugadores de f&uacute;tbol individualizados en Gij&oacute;n\",\"publisher\":{\"@id\":\"https:\/\/l4facademy.living4football.club\/blog\/#organization\"},\"potentialAction\":[{\"@type\":\"SearchAction\",\"target\":{\"@type\":\"EntryPoint\",\"urlTemplate\":\"https:\/\/l4facademy.living4football.club\/blog\/?s={search_term_string}\"},\"query-input\":{\"@type\":\"PropertyValueSpecification\",\"valueRequired\":true,\"valueName\":\"search_term_string\"}}],\"inLanguage\":\"es\"},{\"@type\":\"Organization\",\"@id\":\"https:\/\/l4facademy.living4football.club\/blog\/#organization\",\"name\":\"THE L4F PRO FOOTBALL ACADEMY GIJ&Oacute;Nl\",\"url\":\"https:\/\/l4facademy.living4football.club\/blog\/\",\"logo\":{\"@type\":\"ImageObject\",\"inLanguage\":\"es\",\"@id\":\"https:\/\/l4facademy.living4football.club\/blog\/#\/schema\/logo\/image\/\",\"url\":\"https:\/\/l4facademy.living4football.club\/blog\/wp-content\/uploads\/2024\/01\/cropped-L4F-PRO-FOOTBALL-ACADEMY-2.png\",\"contentUrl\":\"https:\/\/l4facademy.living4football.club\/blog\/wp-content\/uploads\/2024\/01\/cropped-L4F-PRO-FOOTBALL-ACADEMY-2.png\",\"width\":240,\"height\":180,\"caption\":\"THE L4F PRO FOOTBALL ACADEMY GIJ&Oacute;Nl\"},\"image\":{\"@id\":\"https:\/\/l4facademy.living4football.club\/blog\/#\/schema\/logo\/image\/\"}}]}<\/script>\n<!-- \/ Yoast SEO plugin. -->","yoast_head_json":{"title":"Clinics y campus para jugadores de f\u00fatbol en la L4F Academy de Gij\u00f3n","description":"Clinics y campus de f\u00fatbol en la L4F Academy de Gij\u00f3n. Eventos intensivos para futbolistas con el objetivo de potenciar el aprendizaje.","robots":{"index":"index","follow":"follow","max-snippet":"max-snippet:-1","max-image-preview":"max-image-preview:large","max-video-preview":"max-video-preview:-1"},"canonical":"https:\/\/l4facademy.living4football.club\/blog\/clinics-y-campus\/","og_locale":"es_ES","og_type":"article","og_title":"Clinics y campus para jugadores de f\u00fatbol en la L4F Academy de Gij\u00f3n","og_description":"Clinics y campus de f\u00fatbol en la L4F Academy de Gij\u00f3n. Eventos intensivos para futbolistas con el objetivo de potenciar el aprendizaje.","og_url":"https:\/\/l4facademy.living4football.club\/blog\/clinics-y-campus\/","og_site_name":"THE L4F PRO FOOTBALL ACADEMY GIJ&Oacute;Nl","article_modified_time":"2023-05-24T17:53:23+00:00","og_image":[{"url":"https:\/\/l4facademy.living4football.club\/blog\/wp-content\/uploads\/2023\/05\/Campamentos-de-Verano-2023-768x960.jpg","type":"","width":"","height":""}],"twitter_card":"summary_large_image","twitter_misc":{"Tiempo de lectura":"1 minuto"},"schema":{"@context":"https:\/\/schema.org","@graph":[{"@type":"WebPage","@id":"https:\/\/l4facademy.living4football.club\/blog\/clinics-y-campus\/","url":"https:\/\/l4facademy.living4football.club\/blog\/clinics-y-campus\/","name":"Clinics y campus para jugadores de f\u00fatbol en la L4F Academy de Gij\u00f3n","isPartOf":{"@id":"https:\/\/l4facademy.living4football.club\/blog\/#website"},"primaryImageOfPage":{"@id":"https:\/\/l4facademy.living4football.club\/blog\/clinics-y-campus\/#primaryimage"},"image":{"@id":"https:\/\/l4facademy.living4football.club\/blog\/clinics-y-campus\/#primaryimage"},"thumbnailUrl":"https:\/\/l4facademy.living4football.club\/blog\/wp-content\/uploads\/2023\/05\/Campamentos-de-Verano-2023-768x960.jpg","datePublished":"2022-01-11T16:53:26+00:00","dateModified":"2023-05-24T17:53:23+00:00","description":"Clinics y campus de f\u00fatbol en la L4F Academy de Gij\u00f3n. Eventos intensivos para futbolistas con el objetivo de potenciar el aprendizaje.","breadcrumb":{"@id":"https:\/\/l4facademy.living4football.club\/blog\/clinics-y-campus\/#breadcrumb"},"inLanguage":"es","potentialAction":[{"@type":"ReadAction","target":["https:\/\/l4facademy.living4football.club\/blog\/clinics-y-campus\/"]}]},{"@type":"ImageObject","inLanguage":"es","@id":"https:\/\/l4facademy.living4football.club\/blog\/clinics-y-campus\/#primaryimage","url":"https:\/\/l4facademy.living4football.club\/blog\/wp-content\/uploads\/2023\/05\/Campamentos-de-Verano-2023.jpg","contentUrl":"https:\/\/l4facademy.living4football.club\/blog\/wp-content\/uploads\/2023\/05\/Campamentos-de-Verano-2023.jpg","width":1080,"height":1350,"caption":"Campamentos de Verano 2023"},{"@type":"BreadcrumbList","@id":"https:\/\/l4facademy.living4football.club\/blog\/clinics-y-campus\/#breadcrumb","itemListElement":[{"@type":"ListItem","position":1,"name":"Home","item":"https:\/\/l4facademy.living4football.club\/blog\/"},{"@type":"ListItem","position":2,"name":"Clinics y campus"}]},{"@type":"WebSite","@id":"https:\/\/l4facademy.living4football.club\/blog\/#website","url":"https:\/\/l4facademy.living4football.club\/blog\/","name":"THE L4F PRO FOOTBALL ACADEMY GIJ&Oacute;Nl","description":"Entrenamientos para jugadores de f&uacute;tbol individualizados en Gij&oacute;n","publisher":{"@id":"https:\/\/l4facademy.living4football.club\/blog\/#organization"},"potentialAction":[{"@type":"SearchAction","target":{"@type":"EntryPoint","urlTemplate":"https:\/\/l4facademy.living4football.club\/blog\/?s={search_term_string}"},"query-input":{"@type":"PropertyValueSpecification","valueRequired":true,"valueName":"search_term_string"}}],"inLanguage":"es"},{"@type":"Organization","@id":"https:\/\/l4facademy.living4football.club\/blog\/#organization","name":"THE L4F PRO FOOTBALL ACADEMY GIJ&Oacute;Nl","url":"https:\/\/l4facademy.living4football.club\/blog\/","logo":{"@type":"ImageObject","inLanguage":"es","@id":"https:\/\/l4facademy.living4football.club\/blog\/#\/schema\/logo\/image\/","url":"https:\/\/l4facademy.living4football.club\/blog\/wp-content\/uploads\/2024\/01\/cropped-L4F-PRO-FOOTBALL-ACADEMY-2.png","contentUrl":"https:\/\/l4facademy.living4football.club\/blog\/wp-content\/uploads\/2024\/01\/cropped-L4F-PRO-FOOTBALL-ACADEMY-2.png","width":240,"height":180,"caption":"THE L4F PRO FOOTBALL ACADEMY GIJ&Oacute;Nl"},"image":{"@id":"https:\/\/l4facademy.living4football.club\/blog\/#\/schema\/logo\/image\/"}}]}},"_links":{"self":[{"href":"https:\/\/l4facademy.living4football.club\/blog\/wp-json\/wp\/v2\/pages\/896","targetHints":{"allow":["GET"]}}],"collection":[{"href":"https:\/\/l4facademy.living4football.club\/blog\/wp-json\/wp\/v2\/pages"}],"about":[{"href":"https:\/\/l4facademy.living4football.club\/blog\/wp-json\/wp\/v2\/types\/page"}],"author":[{"embeddable":true,"href":"https:\/\/l4facademy.living4football.club\/blog\/wp-json\/wp\/v2\/users\/1"}],"replies":[{"embeddable":true,"href":"https:\/\/l4facademy.living4football.club\/blog\/wp-json\/wp\/v2\/comments?post=896"}],"version-history":[{"count":59,"href":"https:\/\/l4facademy.living4football.club\/blog\/wp-json\/wp\/v2\/pages\/896\/revisions"}],"predecessor-version":[{"id":1721,"href":"https:\/\/l4facademy.living4football.club\/blog\/wp-json\/wp\/v2\/pages\/896\/revisions\/1721"}],"wp:attachment":[{"href":"https:\/\/l4facademy.living4football.club\/blog\/wp-json\/wp\/v2\/media?parent=896"}],"curies":[{"name":"wp","href":"https:\/\/api.w.org\/{rel}","templated":true}]}}