{"id":230,"date":"2020-10-19T13:50:46","date_gmt":"2020-10-19T13:50:46","guid":{"rendered":"https:\/\/l4facademy.living4football.club\/blog\/?page_id=230"},"modified":"2024-10-04T14:34:06","modified_gmt":"2024-10-04T14:34:06","slug":"localizacion-l4f-academy","status":"publish","type":"page","link":"https:\/\/l4facademy.living4football.club\/blog\/localizacion-l4f-academy\/","title":{"rendered":"Localizaci\u00f3n TheL4FPro Academy"},"content":{"rendered":"\t\t<div data-elementor-type=\"wp-page\" data-elementor-id=\"230\" class=\"elementor elementor-230\" data-elementor-post-type=\"page\">\n\t\t\t\t\t\t<section class=\"elementor-section elementor-top-section elementor-element elementor-element-8d48b6c elementor-section-stretched elementor-section-boxed elementor-section-height-default elementor-section-height-default\" data-id=\"8d48b6c\" data-element_type=\"section\" data-e-type=\"section\" data-settings=\"{&quot;stretch_section&quot;:&quot;section-stretched&quot;}\">\n\t\t\t\t\t\t<div class=\"elementor-container elementor-column-gap-default\">\n\t\t\t\t\t<div class=\"elementor-column elementor-col-100 elementor-top-column elementor-element elementor-element-008da64\" data-id=\"008da64\" data-element_type=\"column\" data-e-type=\"column\">\n\t\t\t<div class=\"elementor-widget-wrap elementor-element-populated\">\n\t\t\t\t\t\t<div class=\"elementor-element elementor-element-56ceac8 elementor-widget elementor-widget-heading\" data-id=\"56ceac8\" data-element_type=\"widget\" data-e-type=\"widget\" data-widget_type=\"heading.default\">\n\t\t\t\t<div class=\"elementor-widget-container\">\n\t\t\t\t\t<h2 class=\"elementor-heading-title elementor-size-default\">\u00bfD\u00f3nde est\u00e1 exactamente la TheL4FPro Academy de Gij\u00f3n?<\/h2>\t\t\t\t<\/div>\n\t\t\t\t<\/div>\n\t\t\t\t\t<\/div>\n\t\t<\/div>\n\t\t\t\t\t<\/div>\n\t\t<\/section>\n\t\t\t\t<section class=\"elementor-section elementor-top-section elementor-element elementor-element-f8ed489 elementor-section-stretched elementor-section-boxed elementor-section-height-default elementor-section-height-default\" data-id=\"f8ed489\" data-element_type=\"section\" data-e-type=\"section\" data-settings=\"{&quot;stretch_section&quot;:&quot;section-stretched&quot;}\">\n\t\t\t\t\t\t<div class=\"elementor-container elementor-column-gap-default\">\n\t\t\t\t\t<div class=\"elementor-column elementor-col-50 elementor-top-column elementor-element elementor-element-370e0b2\" data-id=\"370e0b2\" data-element_type=\"column\" data-e-type=\"column\">\n\t\t\t<div class=\"elementor-widget-wrap elementor-element-populated\">\n\t\t\t\t\t\t<div class=\"elementor-element elementor-element-94de581 elementor-widget elementor-widget-text-editor\" data-id=\"94de581\" data-element_type=\"widget\" data-e-type=\"widget\" data-widget_type=\"text-editor.default\">\n\t\t\t\t<div class=\"elementor-widget-container\">\n\t\t\t\t\t\t\t\t\t<p style=\"font-size: 21px; text-align: left; color: rgb(0, 0, 0);\">Lo ideal es que el Google Maps os deje en la puerta del campo de f\u00fatbol, pero por si ten\u00e9is dudas, os dejamos el siguiente v\u00eddeo explicativo. Tambi\u00e9n, os dejamos los siguientes datos importantes que os ayudar\u00e1n a llegar bien:<\/p><ul style=\"font-size: 21px; text-align: left; color: rgb(0, 0, 0);\"><li>Es el Cam\u00edn de la Rasa, 186, en Gij\u00f3n.<\/li><li>Algunos puntos de referencia importantes son: La sidrer\u00eda \u00abEl Tasqueru\u00bb, El Autocine y la desviaci\u00f3n a la \u00abPlaya de la \u00d1ora\u00bb.<\/li><li>Fijaros en un cartel que indique el texto \u00abKM5\u00bb o ve\u00e1is unos contenedores de basura. Ah\u00ed, ser\u00e1 la desviaci\u00f3n al campo de entrenamiento.<\/li><li>El port\u00f3n de la entrada es de color gris.<\/li><\/ul>\t\t\t\t\t\t\t\t<\/div>\n\t\t\t\t<\/div>\n\t\t\t\t\t<\/div>\n\t\t<\/div>\n\t\t\t\t<div class=\"elementor-column elementor-col-50 elementor-top-column elementor-element elementor-element-abda8ec\" data-id=\"abda8ec\" data-element_type=\"column\" data-e-type=\"column\">\n\t\t\t<div class=\"elementor-widget-wrap elementor-element-populated\">\n\t\t\t\t\t\t<div class=\"elementor-element elementor-element-11ae36e elementor-widget elementor-widget-heading\" data-id=\"11ae36e\" data-element_type=\"widget\" data-e-type=\"widget\" data-widget_type=\"heading.default\">\n\t\t\t\t<div class=\"elementor-widget-container\">\n\t\t\t\t\t<p class=\"elementor-heading-title elementor-size-default\">Localizaci\u00f3n TheL4FPro Academy<\/p>\t\t\t\t<\/div>\n\t\t\t\t<\/div>\n\t\t\t\t<div class=\"elementor-element elementor-element-9f7cdce elementor-widget elementor-widget-video\" data-id=\"9f7cdce\" data-element_type=\"widget\" data-e-type=\"widget\" data-settings=\"{&quot;youtube_url&quot;:&quot;https:\\\/\\\/youtu.be\\\/HURdojVqksE&quot;,&quot;video_type&quot;:&quot;youtube&quot;,&quot;controls&quot;:&quot;yes&quot;}\" data-widget_type=\"video.default\">\n\t\t\t\t<div class=\"elementor-widget-container\">\n\t\t\t\t\t\t\t<div class=\"elementor-wrapper elementor-open-inline\">\n\t\t\t<div class=\"elementor-video\"><\/div>\t\t<\/div>\n\t\t\t\t\t\t<\/div>\n\t\t\t\t<\/div>\n\t\t\t\t\t<\/div>\n\t\t<\/div>\n\t\t\t\t\t<\/div>\n\t\t<\/section>\n\t\t\t\t<section class=\"elementor-section elementor-top-section elementor-element elementor-element-7185fbf elementor-section-stretched elementor-section-boxed elementor-section-height-default elementor-section-height-default\" data-id=\"7185fbf\" data-element_type=\"section\" data-e-type=\"section\" data-settings=\"{&quot;stretch_section&quot;:&quot;section-stretched&quot;}\">\n\t\t\t\t\t\t<div class=\"elementor-container elementor-column-gap-default\">\n\t\t\t\t\t<div class=\"elementor-column elementor-col-50 elementor-top-column elementor-element elementor-element-3500aef\" data-id=\"3500aef\" data-element_type=\"column\" data-e-type=\"column\">\n\t\t\t<div class=\"elementor-widget-wrap elementor-element-populated\">\n\t\t\t\t\t\t<div class=\"elementor-element elementor-element-c0b7030 elementor-widget elementor-widget-text-editor\" data-id=\"c0b7030\" data-element_type=\"widget\" data-e-type=\"widget\" data-widget_type=\"text-editor.default\">\n\t\t\t\t<div class=\"elementor-widget-container\">\n\t\t\t\t\t\t\t\t\t<h3>\u00bfEn qu\u00e9 medios de transporte puedo llegar?<\/h3><div>Ten\u00e9is las siguientes opciones para llegar hasta ah\u00ed:<br \/>1) Veh\u00edculo propio.<br \/>2) Transporte p\u00fablico (l\u00edneas 14 y 25 cada media hora), a unos pocos minutos de donde entrenamos.<br \/>3) Taxi.<\/div>\t\t\t\t\t\t\t\t<\/div>\n\t\t\t\t<\/div>\n\t\t\t\t\t<\/div>\n\t\t<\/div>\n\t\t\t\t<div class=\"elementor-column elementor-col-50 elementor-top-column elementor-element elementor-element-3855219\" data-id=\"3855219\" data-element_type=\"column\" data-e-type=\"column\">\n\t\t\t<div class=\"elementor-widget-wrap elementor-element-populated\">\n\t\t\t\t\t\t<div class=\"elementor-element elementor-element-65e2833 elementor-widget elementor-widget-image\" data-id=\"65e2833\" data-element_type=\"widget\" data-e-type=\"widget\" data-widget_type=\"image.default\">\n\t\t\t\t<div class=\"elementor-widget-container\">\n\t\t\t\t\t\t\t\t\t\t\t\t\t\t\t<img fetchpriority=\"high\" decoding=\"async\" width=\"580\" height=\"580\" src=\"https:\/\/l4facademy.living4football.club\/blog\/wp-content\/uploads\/2020\/08\/BUS-Y-COCHE-L4F-ACADEMY.png\" class=\"attachment-large size-large wp-image-96\" alt=\"\" srcset=\"https:\/\/l4facademy.living4football.club\/blog\/wp-content\/uploads\/2020\/08\/BUS-Y-COCHE-L4F-ACADEMY.png 640w, https:\/\/l4facademy.living4football.club\/blog\/wp-content\/uploads\/2020\/08\/BUS-Y-COCHE-L4F-ACADEMY-300x300.png 300w, https:\/\/l4facademy.living4football.club\/blog\/wp-content\/uploads\/2020\/08\/BUS-Y-COCHE-L4F-ACADEMY-150x150.png 150w\" sizes=\"(max-width: 580px) 100vw, 580px\" \/>\t\t\t\t\t\t\t\t\t\t\t\t\t\t\t<\/div>\n\t\t\t\t<\/div>\n\t\t\t\t\t<\/div>\n\t\t<\/div>\n\t\t\t\t\t<\/div>\n\t\t<\/section>\n\t\t\t\t<\/div>\n\t\t","protected":false},"excerpt":{"rendered":"<p>\u00bfD\u00f3nde est\u00e1 exactamente la TheL4FPro Academy de Gij\u00f3n? Lo ideal es que el Google Maps os deje en la puerta del campo de f\u00fatbol, pero por si ten\u00e9is dudas, os dejamos el siguiente v\u00eddeo explicativo. Tambi\u00e9n, os dejamos los siguientes datos importantes que os ayudar\u00e1n a llegar bien: Es el Cam\u00edn de la Rasa, 186, [&hellip;]<\/p>\n","protected":false},"author":1,"featured_media":241,"parent":0,"menu_order":0,"comment_status":"closed","ping_status":"closed","template":"","meta":{"_monsterinsights_skip_tracking":false,"_monsterinsights_sitenote_active":false,"_monsterinsights_sitenote_note":"","_monsterinsights_sitenote_category":0,"_uf_show_specific_survey":0,"_uf_disable_surveys":false,"footnotes":""},"class_list":["post-230","page","type-page","status-publish","has-post-thumbnail","hentry"],"yoast_head":"<!-- This site is optimized with the Yoast SEO plugin v27.0 - https:\/\/yoast.com\/product\/yoast-seo-wordpress\/ -->\n<title>Localizaci\u00f3n Localizaci\u00f3n TheL4FPro Academy de Gij\u00f3n: \u00bfD\u00f3nde est\u00e1 el campo de f\u00fatbol?<\/title>\n<meta name=\"description\" content=\"\u00bfD\u00f3nde est\u00e1 la Localizaci\u00f3n TheL4FPro Academy? La Localizaci\u00f3n es en la providencia. Exactamente, en el Cam\u00edn de la Rasa 186.\" \/>\n<meta name=\"robots\" content=\"index, follow, max-snippet:-1, max-image-preview:large, max-video-preview:-1\" \/>\n<link rel=\"canonical\" href=\"https:\/\/l4facademy.living4football.club\/blog\/localizacion-l4f-academy\/\" \/>\n<meta property=\"og:locale\" content=\"es_ES\" \/>\n<meta property=\"og:type\" content=\"article\" \/>\n<meta property=\"og:title\" content=\"Localizaci\u00f3n Localizaci\u00f3n TheL4FPro Academy de Gij\u00f3n: \u00bfD\u00f3nde est\u00e1 el campo de f\u00fatbol?\" \/>\n<meta property=\"og:description\" content=\"\u00bfD\u00f3nde est\u00e1 la Localizaci\u00f3n TheL4FPro Academy? La Localizaci\u00f3n es en la providencia. Exactamente, en el Cam\u00edn de la Rasa 186.\" \/>\n<meta property=\"og:url\" content=\"https:\/\/l4facademy.living4football.club\/blog\/localizacion-l4f-academy\/\" \/>\n<meta property=\"og:site_name\" content=\"THE L4F PRO FOOTBALL ACADEMY GIJ&Oacute;Nl\" \/>\n<meta property=\"article:modified_time\" content=\"2024-10-04T14:34:06+00:00\" \/>\n<meta property=\"og:image\" content=\"https:\/\/l4facademy.living4football.club\/blog\/wp-content\/uploads\/2020\/10\/Imagen11.jpg\" \/>\n\t<meta property=\"og:image:width\" content=\"1920\" \/>\n\t<meta property=\"og:image:height\" content=\"1048\" \/>\n\t<meta property=\"og:image:type\" content=\"image\/jpeg\" \/>\n<meta name=\"twitter:card\" content=\"summary_large_image\" \/>\n<meta name=\"twitter:label1\" content=\"Tiempo de lectura\" \/>\n\t<meta name=\"twitter:data1\" content=\"2 minutos\" \/>\n<script type=\"application\/ld+json\" class=\"yoast-schema-graph\">{\"@context\":\"https:\/\/schema.org\",\"@graph\":[{\"@type\":\"WebPage\",\"@id\":\"https:\/\/l4facademy.living4football.club\/blog\/localizacion-l4f-academy\/\",\"url\":\"https:\/\/l4facademy.living4football.club\/blog\/localizacion-l4f-academy\/\",\"name\":\"Localizaci\u00f3n Localizaci\u00f3n TheL4FPro Academy de Gij\u00f3n: \u00bfD\u00f3nde est\u00e1 el campo de f\u00fatbol?\",\"isPartOf\":{\"@id\":\"https:\/\/l4facademy.living4football.club\/blog\/#website\"},\"primaryImageOfPage\":{\"@id\":\"https:\/\/l4facademy.living4football.club\/blog\/localizacion-l4f-academy\/#primaryimage\"},\"image\":{\"@id\":\"https:\/\/l4facademy.living4football.club\/blog\/localizacion-l4f-academy\/#primaryimage\"},\"thumbnailUrl\":\"https:\/\/l4facademy.living4football.club\/blog\/wp-content\/uploads\/2020\/10\/Imagen11.jpg\",\"datePublished\":\"2020-10-19T13:50:46+00:00\",\"dateModified\":\"2024-10-04T14:34:06+00:00\",\"description\":\"\u00bfD\u00f3nde est\u00e1 la Localizaci\u00f3n TheL4FPro Academy? La Localizaci\u00f3n es en la providencia. Exactamente, en el Cam\u00edn de la Rasa 186.\",\"breadcrumb\":{\"@id\":\"https:\/\/l4facademy.living4football.club\/blog\/localizacion-l4f-academy\/#breadcrumb\"},\"inLanguage\":\"es\",\"potentialAction\":[{\"@type\":\"ReadAction\",\"target\":[\"https:\/\/l4facademy.living4football.club\/blog\/localizacion-l4f-academy\/\"]}]},{\"@type\":\"ImageObject\",\"inLanguage\":\"es\",\"@id\":\"https:\/\/l4facademy.living4football.club\/blog\/localizacion-l4f-academy\/#primaryimage\",\"url\":\"https:\/\/l4facademy.living4football.club\/blog\/wp-content\/uploads\/2020\/10\/Imagen11.jpg\",\"contentUrl\":\"https:\/\/l4facademy.living4football.club\/blog\/wp-content\/uploads\/2020\/10\/Imagen11.jpg\",\"width\":1920,\"height\":1048,\"caption\":\"D\u00f3nde est\u00e1 la L4F Academy\"},{\"@type\":\"BreadcrumbList\",\"@id\":\"https:\/\/l4facademy.living4football.club\/blog\/localizacion-l4f-academy\/#breadcrumb\",\"itemListElement\":[{\"@type\":\"ListItem\",\"position\":1,\"name\":\"Home\",\"item\":\"https:\/\/l4facademy.living4football.club\/blog\/\"},{\"@type\":\"ListItem\",\"position\":2,\"name\":\"Localizaci\u00f3n TheL4FPro Academy\"}]},{\"@type\":\"WebSite\",\"@id\":\"https:\/\/l4facademy.living4football.club\/blog\/#website\",\"url\":\"https:\/\/l4facademy.living4football.club\/blog\/\",\"name\":\"THE L4F PRO FOOTBALL ACADEMY GIJ&Oacute;Nl\",\"description\":\"Entrenamientos para jugadores de f&uacute;tbol individualizados en Gij&oacute;n\",\"publisher\":{\"@id\":\"https:\/\/l4facademy.living4football.club\/blog\/#organization\"},\"potentialAction\":[{\"@type\":\"SearchAction\",\"target\":{\"@type\":\"EntryPoint\",\"urlTemplate\":\"https:\/\/l4facademy.living4football.club\/blog\/?s={search_term_string}\"},\"query-input\":{\"@type\":\"PropertyValueSpecification\",\"valueRequired\":true,\"valueName\":\"search_term_string\"}}],\"inLanguage\":\"es\"},{\"@type\":\"Organization\",\"@id\":\"https:\/\/l4facademy.living4football.club\/blog\/#organization\",\"name\":\"THE L4F PRO FOOTBALL ACADEMY GIJ&Oacute;Nl\",\"url\":\"https:\/\/l4facademy.living4football.club\/blog\/\",\"logo\":{\"@type\":\"ImageObject\",\"inLanguage\":\"es\",\"@id\":\"https:\/\/l4facademy.living4football.club\/blog\/#\/schema\/logo\/image\/\",\"url\":\"https:\/\/l4facademy.living4football.club\/blog\/wp-content\/uploads\/2024\/01\/cropped-L4F-PRO-FOOTBALL-ACADEMY-2.png\",\"contentUrl\":\"https:\/\/l4facademy.living4football.club\/blog\/wp-content\/uploads\/2024\/01\/cropped-L4F-PRO-FOOTBALL-ACADEMY-2.png\",\"width\":240,\"height\":180,\"caption\":\"THE L4F PRO FOOTBALL ACADEMY GIJ&Oacute;Nl\"},\"image\":{\"@id\":\"https:\/\/l4facademy.living4football.club\/blog\/#\/schema\/logo\/image\/\"}}]}<\/script>\n<!-- \/ Yoast SEO plugin. -->","yoast_head_json":{"title":"Localizaci\u00f3n Localizaci\u00f3n TheL4FPro Academy de Gij\u00f3n: \u00bfD\u00f3nde est\u00e1 el campo de f\u00fatbol?","description":"\u00bfD\u00f3nde est\u00e1 la Localizaci\u00f3n TheL4FPro Academy? La Localizaci\u00f3n es en la providencia. Exactamente, en el Cam\u00edn de la Rasa 186.","robots":{"index":"index","follow":"follow","max-snippet":"max-snippet:-1","max-image-preview":"max-image-preview:large","max-video-preview":"max-video-preview:-1"},"canonical":"https:\/\/l4facademy.living4football.club\/blog\/localizacion-l4f-academy\/","og_locale":"es_ES","og_type":"article","og_title":"Localizaci\u00f3n Localizaci\u00f3n TheL4FPro Academy de Gij\u00f3n: \u00bfD\u00f3nde est\u00e1 el campo de f\u00fatbol?","og_description":"\u00bfD\u00f3nde est\u00e1 la Localizaci\u00f3n TheL4FPro Academy? La Localizaci\u00f3n es en la providencia. Exactamente, en el Cam\u00edn de la Rasa 186.","og_url":"https:\/\/l4facademy.living4football.club\/blog\/localizacion-l4f-academy\/","og_site_name":"THE L4F PRO FOOTBALL ACADEMY GIJ&Oacute;Nl","article_modified_time":"2024-10-04T14:34:06+00:00","og_image":[{"width":1920,"height":1048,"url":"https:\/\/l4facademy.living4football.club\/blog\/wp-content\/uploads\/2020\/10\/Imagen11.jpg","type":"image\/jpeg"}],"twitter_card":"summary_large_image","twitter_misc":{"Tiempo de lectura":"2 minutos"},"schema":{"@context":"https:\/\/schema.org","@graph":[{"@type":"WebPage","@id":"https:\/\/l4facademy.living4football.club\/blog\/localizacion-l4f-academy\/","url":"https:\/\/l4facademy.living4football.club\/blog\/localizacion-l4f-academy\/","name":"Localizaci\u00f3n Localizaci\u00f3n TheL4FPro Academy de Gij\u00f3n: \u00bfD\u00f3nde est\u00e1 el campo de f\u00fatbol?","isPartOf":{"@id":"https:\/\/l4facademy.living4football.club\/blog\/#website"},"primaryImageOfPage":{"@id":"https:\/\/l4facademy.living4football.club\/blog\/localizacion-l4f-academy\/#primaryimage"},"image":{"@id":"https:\/\/l4facademy.living4football.club\/blog\/localizacion-l4f-academy\/#primaryimage"},"thumbnailUrl":"https:\/\/l4facademy.living4football.club\/blog\/wp-content\/uploads\/2020\/10\/Imagen11.jpg","datePublished":"2020-10-19T13:50:46+00:00","dateModified":"2024-10-04T14:34:06+00:00","description":"\u00bfD\u00f3nde est\u00e1 la Localizaci\u00f3n TheL4FPro Academy? La Localizaci\u00f3n es en la providencia. Exactamente, en el Cam\u00edn de la Rasa 186.","breadcrumb":{"@id":"https:\/\/l4facademy.living4football.club\/blog\/localizacion-l4f-academy\/#breadcrumb"},"inLanguage":"es","potentialAction":[{"@type":"ReadAction","target":["https:\/\/l4facademy.living4football.club\/blog\/localizacion-l4f-academy\/"]}]},{"@type":"ImageObject","inLanguage":"es","@id":"https:\/\/l4facademy.living4football.club\/blog\/localizacion-l4f-academy\/#primaryimage","url":"https:\/\/l4facademy.living4football.club\/blog\/wp-content\/uploads\/2020\/10\/Imagen11.jpg","contentUrl":"https:\/\/l4facademy.living4football.club\/blog\/wp-content\/uploads\/2020\/10\/Imagen11.jpg","width":1920,"height":1048,"caption":"D\u00f3nde est\u00e1 la L4F Academy"},{"@type":"BreadcrumbList","@id":"https:\/\/l4facademy.living4football.club\/blog\/localizacion-l4f-academy\/#breadcrumb","itemListElement":[{"@type":"ListItem","position":1,"name":"Home","item":"https:\/\/l4facademy.living4football.club\/blog\/"},{"@type":"ListItem","position":2,"name":"Localizaci\u00f3n TheL4FPro Academy"}]},{"@type":"WebSite","@id":"https:\/\/l4facademy.living4football.club\/blog\/#website","url":"https:\/\/l4facademy.living4football.club\/blog\/","name":"THE L4F PRO FOOTBALL ACADEMY GIJ&Oacute;Nl","description":"Entrenamientos para jugadores de f&uacute;tbol individualizados en Gij&oacute;n","publisher":{"@id":"https:\/\/l4facademy.living4football.club\/blog\/#organization"},"potentialAction":[{"@type":"SearchAction","target":{"@type":"EntryPoint","urlTemplate":"https:\/\/l4facademy.living4football.club\/blog\/?s={search_term_string}"},"query-input":{"@type":"PropertyValueSpecification","valueRequired":true,"valueName":"search_term_string"}}],"inLanguage":"es"},{"@type":"Organization","@id":"https:\/\/l4facademy.living4football.club\/blog\/#organization","name":"THE L4F PRO FOOTBALL ACADEMY GIJ&Oacute;Nl","url":"https:\/\/l4facademy.living4football.club\/blog\/","logo":{"@type":"ImageObject","inLanguage":"es","@id":"https:\/\/l4facademy.living4football.club\/blog\/#\/schema\/logo\/image\/","url":"https:\/\/l4facademy.living4football.club\/blog\/wp-content\/uploads\/2024\/01\/cropped-L4F-PRO-FOOTBALL-ACADEMY-2.png","contentUrl":"https:\/\/l4facademy.living4football.club\/blog\/wp-content\/uploads\/2024\/01\/cropped-L4F-PRO-FOOTBALL-ACADEMY-2.png","width":240,"height":180,"caption":"THE L4F PRO FOOTBALL ACADEMY GIJ&Oacute;Nl"},"image":{"@id":"https:\/\/l4facademy.living4football.club\/blog\/#\/schema\/logo\/image\/"}}]}},"_links":{"self":[{"href":"https:\/\/l4facademy.living4football.club\/blog\/wp-json\/wp\/v2\/pages\/230","targetHints":{"allow":["GET"]}}],"collection":[{"href":"https:\/\/l4facademy.living4football.club\/blog\/wp-json\/wp\/v2\/pages"}],"about":[{"href":"https:\/\/l4facademy.living4football.club\/blog\/wp-json\/wp\/v2\/types\/page"}],"author":[{"embeddable":true,"href":"https:\/\/l4facademy.living4football.club\/blog\/wp-json\/wp\/v2\/users\/1"}],"replies":[{"embeddable":true,"href":"https:\/\/l4facademy.living4football.club\/blog\/wp-json\/wp\/v2\/comments?post=230"}],"version-history":[{"count":23,"href":"https:\/\/l4facademy.living4football.club\/blog\/wp-json\/wp\/v2\/pages\/230\/revisions"}],"predecessor-version":[{"id":2419,"href":"https:\/\/l4facademy.living4football.club\/blog\/wp-json\/wp\/v2\/pages\/230\/revisions\/2419"}],"wp:featuredmedia":[{"embeddable":true,"href":"https:\/\/l4facademy.living4football.club\/blog\/wp-json\/wp\/v2\/media\/241"}],"wp:attachment":[{"href":"https:\/\/l4facademy.living4football.club\/blog\/wp-json\/wp\/v2\/media?parent=230"}],"curies":[{"name":"wp","href":"https:\/\/api.w.org\/{rel}","templated":true}]}}